{"id":711,"date":"2023-07-02T12:38:44","date_gmt":"2023-07-02T10:38:44","guid":{"rendered":"https:\/\/v-o-c.de\/?page_id=711"},"modified":"2026-03-13T19:22:09","modified_gmt":"2026-03-13T18:22:09","slug":"start","status":"publish","type":"page","link":"https:\/\/v-o-c.de\/","title":{"rendered":"Start"},"content":{"rendered":"","protected":false},"excerpt":{"rendered":"<div class=\"mh-excerpt\"><\/div>","protected":false},"author":1,"featured_media":0,"parent":0,"menu_order":0,"comment_status":"closed","ping_status":"closed","template":"homepage.php","meta":{"_price":"","_stock":"","_tribe_ticket_header":"","_tribe_default_ticket_provider":"","_tribe_ticket_capacity":"0","_ticket_start_date":"","_ticket_end_date":"","_tribe_ticket_show_description":"","_tribe_ticket_show_not_going":false,"_tribe_ticket_use_global_stock":"","_tribe_ticket_global_stock_level":"","_global_stock_mode":"","_global_stock_cap":"","_tribe_rsvp_for_event":"","_tribe_ticket_going_count":"","_tribe_ticket_not_going_count":"","_tribe_tickets_list":"[]","_tribe_ticket_has_attendee_info_fields":false,"_EventAllDay":false,"_EventTimezone":"","_EventStartDate":"","_EventEndDate":"","_EventStartDateUTC":"","_EventEndDateUTC":"","_EventShowMap":false,"_EventShowMapLink":false,"_EventURL":"","_EventCost":"","_EventCostDescription":"","_EventCurrencySymbol":"","_EventCurrencyCode":"","_EventCurrencyPosition":"","_EventDateTimeSeparator":"","_EventTimeRangeSeparator":"","_EventOrganizerID":[],"_EventVenueID":[],"_OrganizerEmail":"","_OrganizerPhone":"","_OrganizerWebsite":"","_VenueAddress":"","_VenueCity":"","_VenueCountry":"","_VenueProvince":"","_VenueState":"","_VenueZip":"","_VenuePhone":"","_VenueURL":"","_VenueStateProvince":"","_VenueLat":"","_VenueLng":"","_VenueShowMap":false,"_VenueShowMapLink":false,"footnotes":""},"class_list":["post-711","page","type-page","status-publish","hentry"],"yoast_head":"<!-- This site is optimized with the Yoast SEO plugin v27.3 - https:\/\/yoast.com\/product\/yoast-seo-wordpress\/ -->\n<title>Start - Verband Oberpf\u00e4lzer Ch\u00f6re<\/title>\n<meta name=\"robots\" content=\"index, follow, max-snippet:-1, max-image-preview:large, max-video-preview:-1\" \/>\n<link rel=\"canonical\" href=\"https:\/\/v-o-c.de\/\" \/>\n<meta property=\"og:locale\" content=\"de_DE\" \/>\n<meta property=\"og:type\" content=\"article\" \/>\n<meta property=\"og:title\" content=\"Start - Verband Oberpf\u00e4lzer Ch\u00f6re\" \/>\n<meta property=\"og:url\" content=\"https:\/\/v-o-c.de\/\" \/>\n<meta property=\"og:site_name\" content=\"Verband Oberpf\u00e4lzer Ch\u00f6re\" \/>\n<meta property=\"article:modified_time\" content=\"2026-03-13T18:22:09+00:00\" \/>\n<meta name=\"twitter:card\" content=\"summary_large_image\" \/>\n<script type=\"application\/ld+json\" class=\"yoast-schema-graph\">{\"@context\":\"https:\\\/\\\/schema.org\",\"@graph\":[{\"@type\":\"WebPage\",\"@id\":\"https:\\\/\\\/v-o-c.de\\\/\",\"url\":\"https:\\\/\\\/v-o-c.de\\\/\",\"name\":\"Start - Verband Oberpf\u00e4lzer Ch\u00f6re\",\"isPartOf\":{\"@id\":\"https:\\\/\\\/v-o-c.de\\\/#website\"},\"datePublished\":\"2023-07-02T10:38:44+00:00\",\"dateModified\":\"2026-03-13T18:22:09+00:00\",\"breadcrumb\":{\"@id\":\"https:\\\/\\\/v-o-c.de\\\/#breadcrumb\"},\"inLanguage\":\"de\",\"potentialAction\":[{\"@type\":\"ReadAction\",\"target\":[\"https:\\\/\\\/v-o-c.de\\\/\"]}]},{\"@type\":\"BreadcrumbList\",\"@id\":\"https:\\\/\\\/v-o-c.de\\\/#breadcrumb\",\"itemListElement\":[{\"@type\":\"ListItem\",\"position\":1,\"name\":\"Startseite\",\"item\":\"https:\\\/\\\/v-o-c.de\\\/\"},{\"@type\":\"ListItem\",\"position\":2,\"name\":\"Start\"}]},{\"@type\":\"WebSite\",\"@id\":\"https:\\\/\\\/v-o-c.de\\\/#website\",\"url\":\"https:\\\/\\\/v-o-c.de\\\/\",\"name\":\"Verband Oberpf\u00e4lzer Ch\u00f6re\",\"description\":\"Drehscheibe f\u00fcr Vokal-Musik in der Oberpfalz\",\"publisher\":{\"@id\":\"https:\\\/\\\/v-o-c.de\\\/#organization\"},\"potentialAction\":[{\"@type\":\"SearchAction\",\"target\":{\"@type\":\"EntryPoint\",\"urlTemplate\":\"https:\\\/\\\/v-o-c.de\\\/?s={search_term_string}\"},\"query-input\":{\"@type\":\"PropertyValueSpecification\",\"valueRequired\":true,\"valueName\":\"search_term_string\"}}],\"inLanguage\":\"de\"},{\"@type\":\"Organization\",\"@id\":\"https:\\\/\\\/v-o-c.de\\\/#organization\",\"name\":\"Verband Oberpf\u00e4lzer Ch\u00f6re\",\"url\":\"https:\\\/\\\/v-o-c.de\\\/\",\"logo\":{\"@type\":\"ImageObject\",\"inLanguage\":\"de\",\"@id\":\"https:\\\/\\\/v-o-c.de\\\/#\\\/schema\\\/logo\\\/image\\\/\",\"url\":\"https:\\\/\\\/v-o-c.de\\\/wp-content\\\/uploads\\\/2023\\\/05\\\/cropped-VOC_Grafik_1080x250.jpg\",\"contentUrl\":\"https:\\\/\\\/v-o-c.de\\\/wp-content\\\/uploads\\\/2023\\\/05\\\/cropped-VOC_Grafik_1080x250.jpg\",\"width\":1080,\"height\":249,\"caption\":\"Verband Oberpf\u00e4lzer Ch\u00f6re\"},\"image\":{\"@id\":\"https:\\\/\\\/v-o-c.de\\\/#\\\/schema\\\/logo\\\/image\\\/\"}}]}<\/script>\n<!-- \/ Yoast SEO plugin. -->","yoast_head_json":{"title":"Start - Verband Oberpf\u00e4lzer Ch\u00f6re","robots":{"index":"index","follow":"follow","max-snippet":"max-snippet:-1","max-image-preview":"max-image-preview:large","max-video-preview":"max-video-preview:-1"},"canonical":"https:\/\/v-o-c.de\/","og_locale":"de_DE","og_type":"article","og_title":"Start - Verband Oberpf\u00e4lzer Ch\u00f6re","og_url":"https:\/\/v-o-c.de\/","og_site_name":"Verband Oberpf\u00e4lzer Ch\u00f6re","article_modified_time":"2026-03-13T18:22:09+00:00","twitter_card":"summary_large_image","schema":{"@context":"https:\/\/schema.org","@graph":[{"@type":"WebPage","@id":"https:\/\/v-o-c.de\/","url":"https:\/\/v-o-c.de\/","name":"Start - Verband Oberpf\u00e4lzer Ch\u00f6re","isPartOf":{"@id":"https:\/\/v-o-c.de\/#website"},"datePublished":"2023-07-02T10:38:44+00:00","dateModified":"2026-03-13T18:22:09+00:00","breadcrumb":{"@id":"https:\/\/v-o-c.de\/#breadcrumb"},"inLanguage":"de","potentialAction":[{"@type":"ReadAction","target":["https:\/\/v-o-c.de\/"]}]},{"@type":"BreadcrumbList","@id":"https:\/\/v-o-c.de\/#breadcrumb","itemListElement":[{"@type":"ListItem","position":1,"name":"Startseite","item":"https:\/\/v-o-c.de\/"},{"@type":"ListItem","position":2,"name":"Start"}]},{"@type":"WebSite","@id":"https:\/\/v-o-c.de\/#website","url":"https:\/\/v-o-c.de\/","name":"Verband Oberpf\u00e4lzer Ch\u00f6re","description":"Drehscheibe f\u00fcr Vokal-Musik in der Oberpfalz","publisher":{"@id":"https:\/\/v-o-c.de\/#organization"},"potentialAction":[{"@type":"SearchAction","target":{"@type":"EntryPoint","urlTemplate":"https:\/\/v-o-c.de\/?s={search_term_string}"},"query-input":{"@type":"PropertyValueSpecification","valueRequired":true,"valueName":"search_term_string"}}],"inLanguage":"de"},{"@type":"Organization","@id":"https:\/\/v-o-c.de\/#organization","name":"Verband Oberpf\u00e4lzer Ch\u00f6re","url":"https:\/\/v-o-c.de\/","logo":{"@type":"ImageObject","inLanguage":"de","@id":"https:\/\/v-o-c.de\/#\/schema\/logo\/image\/","url":"https:\/\/v-o-c.de\/wp-content\/uploads\/2023\/05\/cropped-VOC_Grafik_1080x250.jpg","contentUrl":"https:\/\/v-o-c.de\/wp-content\/uploads\/2023\/05\/cropped-VOC_Grafik_1080x250.jpg","width":1080,"height":249,"caption":"Verband Oberpf\u00e4lzer Ch\u00f6re"},"image":{"@id":"https:\/\/v-o-c.de\/#\/schema\/logo\/image\/"}}]}},"publishpress_future_action":{"enabled":false,"date":"2026-04-24 11:19:46","action":"change-status","newStatus":"draft","terms":[],"taxonomy":"","extraData":[]},"publishpress_future_workflow_manual_trigger":{"enabledWorkflows":[]},"_links":{"self":[{"href":"https:\/\/v-o-c.de\/index.php\/wp-json\/wp\/v2\/pages\/711","targetHints":{"allow":["GET"]}}],"collection":[{"href":"https:\/\/v-o-c.de\/index.php\/wp-json\/wp\/v2\/pages"}],"about":[{"href":"https:\/\/v-o-c.de\/index.php\/wp-json\/wp\/v2\/types\/page"}],"author":[{"embeddable":true,"href":"https:\/\/v-o-c.de\/index.php\/wp-json\/wp\/v2\/users\/1"}],"replies":[{"embeddable":true,"href":"https:\/\/v-o-c.de\/index.php\/wp-json\/wp\/v2\/comments?post=711"}],"version-history":[{"count":2,"href":"https:\/\/v-o-c.de\/index.php\/wp-json\/wp\/v2\/pages\/711\/revisions"}],"predecessor-version":[{"id":3306,"href":"https:\/\/v-o-c.de\/index.php\/wp-json\/wp\/v2\/pages\/711\/revisions\/3306"}],"wp:attachment":[{"href":"https:\/\/v-o-c.de\/index.php\/wp-json\/wp\/v2\/media?parent=711"}],"curies":[{"name":"wp","href":"https:\/\/api.w.org\/{rel}","templated":true}]}}